{"id":103,"date":"2021-04-20T13:45:20","date_gmt":"2021-04-14T09:10:27","guid":{"rendered":"http:\/\/test.studio069.com\/michael-wutz-2\/"},"modified":"2026-01-30T14:33:31","modified_gmt":"2026-01-30T13:33:31","slug":"galerie","status":"publish","type":"page","link":"https:\/\/www.galeriefriese.de\/en\/galerie\/","title":{"rendered":"Gallery"},"content":{"rendered":"","protected":false},"excerpt":{"rendered":"","protected":false},"author":1,"featured_media":0,"parent":0,"menu_order":7,"comment_status":"closed","ping_status":"closed","template":"","meta":[],"class_list":["post-103","page","type-page","status-publish","hentry"],"grid":"{\r\n  \"colCount\": 12,\r\n  \"colGutter\": 1,\r\n  \"rowGutters\": [\r\n    3,\r\n    3,\r\n    5\r\n  ],\r\n  \"frameMargin\": 5,\r\n  \"topFrameMargin\": 200,\r\n  \"bottomFrameMargin\": 5,\r\n  \"rowAttrs\": [\r\n    {\r\n      \"relid\": 11\r\n    },\r\n    {\r\n      \"relid\": 14\r\n    },\r\n    {\r\n      \"relid\": 15\r\n    },\r\n    {\r\n      \"relid\": 16\r\n    }\r\n  ],\r\n  \"bgColor\": null,\r\n  \"cont\": [\r\n    {\r\n      \"type\": \"img\",\r\n      \"cont\": \"\/wp-content\/uploads\/2022\/04\/G_F-23875.jpg\",\r\n      \"align\": \"top\",\r\n      \"row\": 0,\r\n      \"col\": 0,\r\n      \"colspan\": 7,\r\n      \"offsetx\": 0,\r\n      \"offsety\": 0,\r\n      \"spaceabove\": 0,\r\n      \"spacebelow\": 0,\r\n      \"yvel\": 1,\r\n      \"push\": 0,\r\n      \"relid\": 309,\r\n      \"attid\": 1149,\r\n      \"sizes\": {\r\n        \"full\": \"\/wp-content\/uploads\/2022\/04\/G_F-23875.jpg\",\r\n        \"_2560\": \"\/wp-content\/uploads\/2022\/04\/G_F-23875-2560x1920.jpg\",\r\n        \"_1920\": \"\/wp-content\/uploads\/2022\/04\/G_F-23875-1920x1440.jpg\",\r\n        \"_1280\": \"\/wp-content\/uploads\/2022\/04\/G_F-23875-1280x960.jpg\",\r\n        \"_1024\": \"\/wp-content\/uploads\/2022\/04\/G_F-23875-1024x768.jpg\",\r\n        \"_768\": \"\/wp-content\/uploads\/2022\/04\/G_F-23875-768x576.jpg\",\r\n        \"_512\": \"\/wp-content\/uploads\/2022\/04\/G_F-23875-512x384.jpg\",\r\n        \"_265\": \"\/wp-content\/uploads\/2022\/04\/G_F-23875-265x199.jpg\"\r\n      },\r\n      \"w\": 3000,\r\n      \"h\": 2250,\r\n      \"ar\": 0.75,\r\n      \"alt\": \"\",\r\n      \"absolute_position\": false,\r\n      \"frameOverflow\": \"\"\r\n    },\r\n    {\r\n      \"type\": \"text\",\r\n      \"cont\": \"<p>Die Galerie Friese wurde 2008 in Stuttgart gegr\u00fcndet, in direkter Nachfolge der seit 1961 bestehenden manus presse. Im Fr\u00fchjahr 2015 zog die Galerie nach Berlin in einen Gr\u00fcnderzeitbau am Fasanenplatz, gelegen im\u00a0ehemaligen West-Berliner Galerienviertel.<\/p><p><span>Das Galerieprogramm spannt einen weiten Bogen von der Klassischen Moderne bis zu jungen zeitgen\u00f6ssischen K\u00fcnstler*innen. Zu den von uns vertretenen Nachl\u00e4ssen z\u00e4hlen kunsthistorisch bedeutende Positionen wie Willi Baumeister, Norbert Kricke, Dieter Krieg, Georg Karl Pfahler und Walter St\u00f6hrer. Als zeitgen\u00f6ssische Positionen repr\u00e4sentieren wir u.a. Franziska Holstein, Karin Kneffel, Thomas M\u00fcller, Claire de Santa Coloma und Cornelius V\u00f6lker.<\/span><\/p><p>Durch unser prononciertes Vermittlungsprogramm fungiert die Galerie als wahrhaftiger Ort des kulturellen Austauschs. Unsere epochen\u00fcbergreifende und zugleich auf die Malerei und Zeichnung fokussierte Ausrichtung bietet vielf\u00e4ltige Ankn\u00fcpfungspunkte, die diesen Medien eigenen historischen Entwicklungen, Themen und Techniken aufzuzeigen und zu vermitteln. Im Rahmen unserer umfassenden Publikationst\u00e4tigkeit, \u00f6ffentlichen Veranstaltungen und Ausstellungen werden regelm\u00e4\u00dfig unterschiedliche Generationen und individuelle k\u00fcnstlerische Handschriften in einen Dialog gebracht.<\/p><p><span>In Erweiterung dieser Fragestellungen auf interdisziplin\u00e4re Bereiche zeigten wir nichtkommerzielle Ausstellungen des Religionsphilosophen Klaus Heinrich und des Literaturnobelpreistr\u00e4gers Peter Handke, deren zeichnerisches Werk bei uns jeweils zum ersten Mal der \u00d6ffentlichkeit zug\u00e4nglich gemacht wurde.<\/span><\/p><p>\u00a0<\/p>\",\r\n      \"align\": \"top\",\r\n      \"row\": 0,\r\n      \"col\": 8,\r\n      \"colspan\": 4,\r\n      \"offsetx\": 0,\r\n      \"offsety\": 0,\r\n      \"spaceabove\": 0,\r\n      \"spacebelow\": 0,\r\n      \"yvel\": 1,\r\n      \"push\": 1,\r\n      \"relid\": 4,\r\n      \"absolute_position\": false,\r\n      \"frameOverflow\": \"\"\r\n    },\r\n    {\r\n      \"type\": \"text\",\r\n      \"cont\": \"<p><span style=\\\"letter-spacing: 0.02em;\\\"><span style=\\\"font-size: 18px;\\\">KONTAKT<\/span><\/span><\/p>\",\r\n      \"align\": \"middle\",\r\n      \"row\": 1,\r\n      \"col\": 1,\r\n      \"colspan\": 3,\r\n      \"offsetx\": 0,\r\n      \"offsety\": 0,\r\n      \"spaceabove\": 0,\r\n      \"spacebelow\": 0,\r\n      \"yvel\": 1,\r\n      \"push\": 1,\r\n      \"relid\": 5,\r\n      \"frameOverflow\": \"\",\r\n      \"absolute_position\": false\r\n    },\r\n    {\r\n      \"type\": \"text\",\r\n      \"cont\": \"<p><span style=\\\"letter-spacing: 0.02em;\\\"><span style=\\\"font-size: 18px;\\\">TEAM<\/span><\/span><\/p>\",\r\n      \"align\": \"middle\",\r\n      \"row\": 1,\r\n      \"col\": 5,\r\n      \"colspan\": 3,\r\n      \"offsetx\": 0,\r\n      \"offsety\": 0,\r\n      \"spaceabove\": 0,\r\n      \"spacebelow\": 0,\r\n      \"yvel\": 1,\r\n      \"push\": 1,\r\n      \"relid\": 12,\r\n      \"absolute_position\": false\r\n    },\r\n    {\r\n      \"type\": \"text\",\r\n      \"cont\": \"<p>BERLIN<br \/><br \/>\u00d6ffnungszeiten<br \/>Di\u2013Fr, 11\u201318 Uhr<br \/>Sa, 12\u201316 Uhr<\/p><p><a rel=\\\"noopener\\\" href=\\\"https:\/\/goo.gl\/maps\/Vk3hGeuW5rAT4p8T9\\\" target=\\\"_blank\\\">Meierottostra\u00dfe 1\u00a0\u00a0<\/a><br \/>10719 Berlin\u00a0<br \/>T +49 30 88 71 13 71<br \/><a href=\\\"mailto:mail@galeriefriese.de\\\">mail@galeriefriese.de<\/a><\/p><h1 class=\\\"_Headline\\\"><span style=\\\"font-size: 15px;\\\">M\u00dcNCHEN<br \/><br \/>\u00d6ffnungszeiten<br \/>Di\u2013Fr, 11\u201318 Uhr<br \/>Sa, 11\u201315 Uhr<br \/><br \/><a href=\\\"https:\/\/www.google.com\/maps\/place\/Galerie+Friese\/@48.1484985,11.5719039,17z\/data=!3m1!4b1!4m6!3m5!1s0x479e75fc3e555cdd:0xe3ec7e3660ada524!8m2!3d48.1484985!4d11.5744842!16s%2Fg%2F11ykgtdby5?entry=ttu&amp;g_ep=EgoyMDI1MDkyNC4wIKXMDSoASAFQAw%3D%3D\\\">Theresienstra\u00dfe 46<\/a><br \/>80333 M\u00fcnchen<br \/>T +49 172 762 85 53<br \/><br \/>CHRISTIANE FRIESE<br \/>cf@galeriefriese.de<\/span><\/h1><p><br \/><a href=\\\"https:\/\/www.facebook.com\/galeriefriese\\\"><\/a><a rel=\\\"noopener\\\" href=\\\"https:\/\/www.instagram.com\/galeriefriese\\\" target=\\\"_blank\\\" data-id=\\\"0\\\">Instagram<\/a><\/p><h1 class=\\\"_Headline\\\"><a rel=\\\"noopener\\\" href=\\\"https:\/\/goo.gl\/maps\/Vk3hGeuW5rAT4p8T9\\\" target=\\\"_blank\\\"><span style=\\\"font-size: 18px;\\\"><span style=\\\"font-size: 15px;\\\">MAP<\/span><\/span><\/a><br \/><br \/><span style=\\\"font-size: 15px;\\\"><br \/><\/span><\/h1>\",\r\n      \"align\": \"top\",\r\n      \"row\": 2,\r\n      \"col\": 1,\r\n      \"colspan\": 3,\r\n      \"offsetx\": 0,\r\n      \"offsety\": 0,\r\n      \"spaceabove\": 0,\r\n      \"spacebelow\": 0,\r\n      \"yvel\": 1,\r\n      \"push\": 1,\r\n      \"relid\": 8,\r\n      \"absolute_position\": false\r\n    },\r\n    {\r\n      \"type\": \"text\",\r\n      \"cont\": \"<p class=\\\"p1\\\">KLAUS GERRIT FRIESE<br \/><a href=\\\"mailto:kgf@galeriefriese.de\\\" data-id=\\\"0\\\">kgf@galeriefriese.de<\/a><\/p><p class=\\\"p1\\\">ANN-KATHRIN WEGENER<br \/><a href=\\\"mailto:akw@galeriefriese.de\\\" data-id=\\\"0\\\">akw@galeriefriese.de<\/a><\/p><p class=\\\"p1\\\">TERESA KARST<br \/><a href=\\\"mailto:tk@galeriefriese.de\\\" data-id=\\\"0\\\">tk@galeriefriese.de<\/a><a href=\\\"mailto:js@galeriefriese.de\\\"><\/a><a title=\\\"mailto:assistant@galeriefriese.de\\\" href=\\\"mailto:ms@galeriefriese.de\\\" data-id=\\\"0\\\"><\/a><\/p><p>PAUL SCHERWINSKI<br \/><a title=\\\"mailto:assistant@galeriefriese.de\\\" href=\\\"mailto:ps@galeriefriese.de\\\" data-id=\\\"0\\\">ps@galeriefriese.de<\/a><\/p><p>PHILIPP PINK<br \/><a href=\\\"mailto:pp@galeriefriese.de\\\">pp@galeriefriese.de<\/a><\/p><p class=\\\"p1\\\">ANNE-B\u00c4RBEL SCHWARZ <br \/>&amp; INES MORITZ<br \/><a class=\\\"\\\" href=\\\"mailto:Buchhaltung@galeriefriese.de\\\" data-id=\\\"0\\\">buchhaltung@galeriefriese.de<\/a>\u00a0<\/p><p class=\\\"p1\\\">\u00a0<\/p>\",\r\n      \"align\": \"top\",\r\n      \"row\": 2,\r\n      \"col\": 5,\r\n      \"colspan\": 3,\r\n      \"offsetx\": 0,\r\n      \"offsety\": 0,\r\n      \"spaceabove\": 0,\r\n      \"spacebelow\": 0,\r\n      \"yvel\": 1,\r\n      \"push\": 1,\r\n      \"relid\": 13,\r\n      \"absolute_position\": false\r\n    },\r\n    {\r\n      \"type\": \"text\",\r\n      \"cont\": \"<h1 class=\\\"_Headline\\\"><span style=\\\"font-size: 18px;\\\">NEWSLETTER ANMELDEN<br \/><\/span><\/h1>\",\r\n      \"align\": \"top\",\r\n      \"row\": 3,\r\n      \"col\": 1,\r\n      \"colspan\": 3,\r\n      \"offsetx\": 0,\r\n      \"offsety\": 0,\r\n      \"spaceabove\": 0,\r\n      \"spacebelow\": 0,\r\n      \"yvel\": 1,\r\n      \"push\": 1,\r\n      \"relid\": 6,\r\n      \"absolute_position\": false\r\n    },\r\n    {\r\n      \"type\": \"shortcode\",\r\n      \"cont\": \"[contact-form-7 id=\\\"1203\\\" title=\\\"Newsletter Anmeldung\\\"]\",\r\n      \"align\": \"top\",\r\n      \"row\": 3,\r\n      \"col\": 5,\r\n      \"colspan\": 4,\r\n      \"offsetx\": 0,\r\n      \"offsety\": 0,\r\n      \"spaceabove\": 0,\r\n      \"spacebelow\": 0,\r\n      \"yvel\": 1,\r\n      \"push\": 1,\r\n      \"relid\": 7,\r\n      \"shortcodeid\": 1716990903564,\r\n      \"absolute_position\": false\r\n    }\r\n  ]\r\n}","phonegrid":"{\r\n  \"colCount\": 12,\r\n  \"colGutter\": 1,\r\n  \"rowGutters\": [\r\n    10,\r\n    10,\r\n    5,\r\n    5,\r\n    5,\r\n    5,\r\n    5\r\n  ],\r\n  \"frameMargin\": 5,\r\n  \"topFrameMargin\": 20,\r\n  \"bottomFrameMargin\": 5,\r\n  \"rowAttrs\": [\r\n    [],\r\n    [],\r\n    [],\r\n    [],\r\n    [],\r\n    [],\r\n    {\r\n      \"relid\": 23\r\n    },\r\n    {\r\n      \"relid\": 24\r\n    }\r\n  ],\r\n  \"bgColor\": null,\r\n  \"cont\": [\r\n    {\r\n      \"type\": \"img\",\r\n      \"cont\": \"\/wp-content\/uploads\/2022\/04\/G_F-23875.jpg\",\r\n      \"align\": \"top\",\r\n      \"row\": 0,\r\n      \"col\": 0,\r\n      \"colspan\": 12,\r\n      \"offsetx\": 0,\r\n      \"offsety\": 0,\r\n      \"spaceabove\": 0,\r\n      \"spacebelow\": 0,\r\n      \"yvel\": 1,\r\n      \"push\": 0,\r\n      \"relid\": 310,\r\n      \"attid\": 1149,\r\n      \"sizes\": {\r\n        \"full\": \"\/wp-content\/uploads\/2022\/04\/G_F-23875.jpg\",\r\n        \"_2560\": \"\/wp-content\/uploads\/2022\/04\/G_F-23875-2560x1920.jpg\",\r\n        \"_1920\": \"\/wp-content\/uploads\/2022\/04\/G_F-23875-1920x1440.jpg\",\r\n        \"_1280\": \"\/wp-content\/uploads\/2022\/04\/G_F-23875-1280x960.jpg\",\r\n        \"_1024\": \"\/wp-content\/uploads\/2022\/04\/G_F-23875-1024x768.jpg\",\r\n        \"_768\": \"\/wp-content\/uploads\/2022\/04\/G_F-23875-768x576.jpg\",\r\n        \"_512\": \"\/wp-content\/uploads\/2022\/04\/G_F-23875-512x384.jpg\",\r\n        \"_265\": \"\/wp-content\/uploads\/2022\/04\/G_F-23875-265x199.jpg\"\r\n      },\r\n      \"w\": 3000,\r\n      \"h\": 2250,\r\n      \"ar\": 0.75,\r\n      \"alt\": \"\",\r\n      \"absolute_position\": false\r\n    },\r\n    {\r\n      \"type\": \"text\",\r\n      \"cont\": \"<p>Die Galerie Friese wurde 2008 in Stuttgart gegr\u00fcndet, in direkter Nachfolge der seit 1961 bestehenden manus presse. Im Fr\u00fchjahr 2015 zog die Galerie nach Berlin in einen Gr\u00fcnderzeitbau am Fasanenplatz, gelegen im\u00a0ehemaligen West-Berliner Galerienviertel.<\/p><p><span>Das Galerieprogramm spannt einen weiten Bogen von der Klassischen Moderne bis zu jungen zeitgen\u00f6ssischen K\u00fcnstler*innen. Zu den von uns vertretenen Nachl\u00e4ssen z\u00e4hlen kunsthistorisch bedeutende Positionen wie Willi Baumeister, Norbert Kricke, Dieter Krieg, Georg Karl Pfahler und Walter St\u00f6hrer. Als zeitgen\u00f6ssische Positionen repr\u00e4sentieren wir u.a. Franziska Holstein, Karin Kneffel, Thomas M\u00fcller, Claire de Santa Coloma und Cornelius V\u00f6lker.<\/span><\/p><p>Durch unser prononciertes Vermittlungsprogramm fungiert die Galerie als wahrhaftiger Ort des kulturellen Austauschs. Unsere epochen\u00fcbergreifende und zugleich auf die Malerei und Zeichnung fokussierte Ausrichtung bietet vielf\u00e4ltige Ankn\u00fcpfungspunkte, die diesen Medien eigenen historischen Entwicklungen, Themen und Techniken aufzuzeigen und zu vermitteln. Im Rahmen unserer umfassenden Publikationst\u00e4tigkeit, \u00f6ffentlichen Veranstaltungen und Ausstellungen werden regelm\u00e4\u00dfig unterschiedliche Generationen und individuelle k\u00fcnstlerische Handschriften in einen Dialog gebracht.<\/p><p><span>In Erweiterung dieser Fragestellungen auf interdisziplin\u00e4re Bereiche zeigten wir nichtkommerzielle Ausstellungen des Religionsphilosophen Klaus Heinrich und des Literaturnobelpreistr\u00e4gers Peter Handke, deren zeichnerisches Werk bei uns jeweils zum ersten Mal der \u00d6ffentlichkeit zug\u00e4nglich gemacht wurde.<\/span><\/p><p>\u00a0<\/p>\",\r\n      \"align\": \"bottom\",\r\n      \"row\": 1,\r\n      \"col\": 0,\r\n      \"colspan\": 12,\r\n      \"offsetx\": 0,\r\n      \"offsety\": 0,\r\n      \"spaceabove\": 0,\r\n      \"spacebelow\": 0,\r\n      \"yvel\": 1,\r\n      \"push\": 0,\r\n      \"relid\": 4,\r\n      \"absolute_position\": false,\r\n      \"frameOverflow\": \"\"\r\n    },\r\n    {\r\n      \"type\": \"text\",\r\n      \"cont\": \"<p><span style=\\\"letter-spacing: 0.02em;\\\"><span style=\\\"font-size: 18px;\\\">KONTAKT<\/span><\/span><\/p>\",\r\n      \"align\": \"bottom\",\r\n      \"row\": 2,\r\n      \"col\": 0,\r\n      \"colspan\": 12,\r\n      \"offsetx\": 0,\r\n      \"offsety\": 0,\r\n      \"spaceabove\": 0,\r\n      \"spacebelow\": 0,\r\n      \"yvel\": 1,\r\n      \"push\": 0,\r\n      \"relid\": 5,\r\n      \"frameOverflow\": \"\",\r\n      \"absolute_position\": false\r\n    },\r\n    {\r\n      \"type\": \"text\",\r\n      \"cont\": \"<p>BERLIN<br \/><br \/>\u00d6ffnungszeiten<br \/>Di\u2013Fr, 11\u201318 Uhr<br \/>Sa, 12\u201316 Uhr<\/p><p><a rel=\\\"noopener\\\" href=\\\"https:\/\/goo.gl\/maps\/Vk3hGeuW5rAT4p8T9\\\" target=\\\"_blank\\\">Meierottostra\u00dfe 1\u00a0\u00a0<\/a><br \/>10719 Berlin\u00a0<br \/>T +49 30 88 71 13 71<br \/><a href=\\\"mailto:mail@galeriefriese.de\\\">mail@galeriefriese.de<\/a><\/p><h1 class=\\\"_Headline\\\"><span style=\\\"font-size: 15px;\\\">M\u00dcNCHEN<br \/><br \/>\u00d6ffnungszeiten<br \/>Di\u2013Fr, 11\u201318 Uhr<br \/>Sa, 11\u201315 Uhr<br \/><br \/><a href=\\\"https:\/\/www.google.com\/maps\/place\/Galerie+Friese\/@48.1484985,11.5719039,17z\/data=!3m1!4b1!4m6!3m5!1s0x479e75fc3e555cdd:0xe3ec7e3660ada524!8m2!3d48.1484985!4d11.5744842!16s%2Fg%2F11ykgtdby5?entry=ttu&amp;g_ep=EgoyMDI1MDkyNC4wIKXMDSoASAFQAw%3D%3D\\\">Theresienstra\u00dfe 46<\/a><br \/>80333 M\u00fcnchen<br \/>T +49 172 762 85 53<br \/><br \/>CHRISTIANE FRIESE<br \/>cf@galeriefriese.de<\/span><\/h1><p><br \/><a href=\\\"https:\/\/www.facebook.com\/galeriefriese\\\"><\/a><a rel=\\\"noopener\\\" href=\\\"https:\/\/www.instagram.com\/galeriefriese\\\" target=\\\"_blank\\\" data-id=\\\"0\\\">Instagram<\/a><\/p><h1 class=\\\"_Headline\\\"><a rel=\\\"noopener\\\" href=\\\"https:\/\/goo.gl\/maps\/Vk3hGeuW5rAT4p8T9\\\" target=\\\"_blank\\\"><span style=\\\"font-size: 18px;\\\"><span style=\\\"font-size: 15px;\\\">MAP<\/span><\/span><\/a><br \/><br \/><span style=\\\"font-size: 15px;\\\"><br \/><\/span><\/h1>\",\r\n      \"align\": \"bottom\",\r\n      \"row\": 3,\r\n      \"col\": 0,\r\n      \"colspan\": 12,\r\n      \"offsetx\": 0,\r\n      \"offsety\": 0,\r\n      \"spaceabove\": 0,\r\n      \"spacebelow\": 0,\r\n      \"yvel\": 1,\r\n      \"push\": 0,\r\n      \"relid\": 8,\r\n      \"absolute_position\": false\r\n    },\r\n    {\r\n      \"type\": \"text\",\r\n      \"cont\": \"<p><span style=\\\"letter-spacing: 0.02em;\\\"><span style=\\\"font-size: 18px;\\\">TEAM<\/span><\/span><\/p>\",\r\n      \"align\": \"middle\",\r\n      \"row\": 4,\r\n      \"col\": 0,\r\n      \"colspan\": 12,\r\n      \"offsetx\": 0,\r\n      \"offsety\": 0,\r\n      \"spaceabove\": 0,\r\n      \"spacebelow\": 0,\r\n      \"yvel\": 1,\r\n      \"push\": 0,\r\n      \"relid\": 12,\r\n      \"absolute_position\": false\r\n    },\r\n    {\r\n      \"type\": \"text\",\r\n      \"cont\": \"<p class=\\\"p1\\\">KLAUS GERRIT FRIESE<br \/><a href=\\\"mailto:kgf@galeriefriese.de\\\" data-id=\\\"0\\\">kgf@galeriefriese.de<\/a><\/p><p class=\\\"p1\\\">ANN-KATHRIN WEGENER<br \/><a href=\\\"mailto:akw@galeriefriese.de\\\" data-id=\\\"0\\\">akw@galeriefriese.de<\/a><\/p><p class=\\\"p1\\\">TERESA KARST<br \/><a href=\\\"mailto:tk@galeriefriese.de\\\" data-id=\\\"0\\\">tk@galeriefriese.de<\/a><a href=\\\"mailto:js@galeriefriese.de\\\"><\/a><a title=\\\"mailto:assistant@galeriefriese.de\\\" href=\\\"mailto:ms@galeriefriese.de\\\" data-id=\\\"0\\\"><\/a><\/p><p>PAUL SCHERWINSKI<br \/><a title=\\\"mailto:assistant@galeriefriese.de\\\" href=\\\"mailto:ps@galeriefriese.de\\\" data-id=\\\"0\\\">ps@galeriefriese.de<\/a><\/p><p>PHILIPP PINK<br \/><a href=\\\"mailto:pp@galeriefriese.de\\\">pp@galeriefriese.de<\/a><\/p><p class=\\\"p1\\\">ANNE-B\u00c4RBEL SCHWARZ <br \/>&amp; INES MORITZ<br \/><a class=\\\"\\\" href=\\\"mailto:Buchhaltung@galeriefriese.de\\\" data-id=\\\"0\\\">buchhaltung@galeriefriese.de<\/a>\u00a0<\/p><p class=\\\"p1\\\">\u00a0<\/p>\",\r\n      \"align\": \"bottom\",\r\n      \"row\": 5,\r\n      \"col\": 0,\r\n      \"colspan\": 12,\r\n      \"offsetx\": 0,\r\n      \"offsety\": 0,\r\n      \"spaceabove\": 0,\r\n      \"spacebelow\": 0,\r\n      \"yvel\": 1,\r\n      \"push\": 0,\r\n      \"relid\": 13,\r\n      \"absolute_position\": false\r\n    },\r\n    {\r\n      \"type\": \"text\",\r\n      \"cont\": \"<p class=\\\"_Ausstellungstitel\\\">NEWSLETTER<\/p>\",\r\n      \"align\": \"top\",\r\n      \"row\": 6,\r\n      \"col\": 0,\r\n      \"colspan\": 12,\r\n      \"offsetx\": 0,\r\n      \"offsety\": 0,\r\n      \"spaceabove\": 0,\r\n      \"spacebelow\": 0,\r\n      \"yvel\": 1,\r\n      \"push\": 0,\r\n      \"relid\": 9,\r\n      \"absolute_position\": false\r\n    },\r\n    {\r\n      \"type\": \"shortcode\",\r\n      \"cont\": \"[contact-form-7 id=\\\"1203\\\" title=\\\"Newsletter Anmeldung\\\"]\",\r\n      \"align\": \"middle\",\r\n      \"row\": 7,\r\n      \"col\": 0,\r\n      \"colspan\": 12,\r\n      \"offsetx\": 0,\r\n      \"offsety\": 0,\r\n      \"spaceabove\": 0,\r\n      \"spacebelow\": 0,\r\n      \"yvel\": 1,\r\n      \"push\": 0,\r\n      \"relid\": 10,\r\n      \"shortcodeid\": 1655282469389,\r\n      \"absolute_position\": false\r\n    }\r\n  ]\r\n}","_links":{"self":[{"href":"https:\/\/www.galeriefriese.de\/en\/wp-json\/wp\/v2\/pages\/103","targetHints":{"allow":["GET"]}}],"collection":[{"href":"https:\/\/www.galeriefriese.de\/en\/wp-json\/wp\/v2\/pages"}],"about":[{"href":"https:\/\/www.galeriefriese.de\/en\/wp-json\/wp\/v2\/types\/page"}],"author":[{"embeddable":true,"href":"https:\/\/www.galeriefriese.de\/en\/wp-json\/wp\/v2\/users\/1"}],"replies":[{"embeddable":true,"href":"https:\/\/www.galeriefriese.de\/en\/wp-json\/wp\/v2\/comments?post=103"}],"version-history":[{"count":0,"href":"https:\/\/www.galeriefriese.de\/en\/wp-json\/wp\/v2\/pages\/103\/revisions"}],"wp:attachment":[{"href":"https:\/\/www.galeriefriese.de\/en\/wp-json\/wp\/v2\/media?parent=103"}],"curies":[{"name":"wp","href":"https:\/\/api.w.org\/{rel}","templated":true}]}}